{"id":22100,"date":"2021-08-24T18:20:48","date_gmt":"2021-08-24T17:20:48","guid":{"rendered":"http:\/\/www.inurabogados.es\/?page_id=22100"},"modified":"2026-03-09T14:52:02","modified_gmt":"2026-03-09T13:52:02","slug":"derecho-urbanistico","status":"publish","type":"page","link":"https:\/\/www.inurabogados.es\/en\/derecho-urbanistico\/","title":{"rendered":"Urban Planning Law"},"content":{"rendered":"\n[et_pb_section fb_built=\u00bb1&#8243; fullwidth=\u00bbon\u00bb _builder_version=\u00bb4.10.4&#8243; _module_preset=\u00bbdefault\u00bb global_colors_info=\u00bb{}\u00bb][et_pb_fullwidth_header title=\u00bbDERECHO URBAN\u00cdSTICO\u00bb _builder_version=\u00bb4.10.4&#8243; _module_preset=\u00bbdefault\u00bb title_font=\u00bbRaleway|700|||||||\u00bb title_text_align=\u00bbleft\u00bb title_text_color=\u00bb#FFFFFF\u00bb title_font_size=\u00bb29px\u00bb title_letter_spacing=\u00bb1px\u00bb subhead_font=\u00bbRaleway|700|||||||\u00bb subhead_text_align=\u00bbleft\u00bb subhead_text_color=\u00bb#FFFFFF\u00bb subhead_letter_spacing=\u00bb1px\u00bb background_enable_color=\u00bboff\u00bb background_image=\u00bbhttps:\/\/www.inurabogados.es\/wp-content\/uploads\/2021\/08\/abogado-urbanista-alicante.jpg\u00bb parallax=\u00bbon\u00bb parallax_method=\u00bbon\u00bb global_colors_info=\u00bb{}\u00bb][\/et_pb_fullwidth_header][\/et_pb_section][et_pb_section fb_built=\u00bb1&#8243; _builder_version=\u00bb4.10.4&#8243; _module_preset=\u00bbdefault\u00bb global_colors_info=\u00bb{}\u00bb][et_pb_row _builder_version=\u00bb4.10.4&#8243; _module_preset=\u00bbdefault\u00bb global_colors_info=\u00bb{}\u00bb][et_pb_column type=\u00bb4_4&#8243; _builder_version=\u00bb4.10.4&#8243; _module_preset=\u00bbdefault\u00bb global_colors_info=\u00bb{}\u00bb][et_pb_text _builder_version=\u00bb4.10.4&#8243; _module_preset=\u00bbdefault\u00bb global_colors_info=\u00bb{}\u00bb]<p>El sistema urban\u00edstico espa\u00f1ol se asienta sobre tres grandes pilares: planeamiento, gesti\u00f3n y disciplina urban\u00edstica. Su complejidad y la diversificaci\u00f3n legislativa sometida a contin\u00faas revisiones, junto a la notable incidencia de otras normativas sectoriales en el \u00e1mbito del Derecho Urban\u00edstico, aconseja a quienes promuevan o se vean inmersos en desarrollos urban\u00edsticos, con Juntas de Compensaci\u00f3n o con otros sistemas de gesti\u00f3n como los que dependen de iniciativa municipal, o a quienes pretendan la obtenci\u00f3n de licencias, o a quienes se vean afectados por expedientes de restablecimiento de la legalidad urban\u00edstica o sancionadores, etc., contar con profesionales expertos que conozcan la legislaci\u00f3n aplicable y puedan prestarles el mejor servicio jur\u00eddico.<\/p>\n<p>Adem\u00e1s, dado el car\u00e1cter interdisciplinar del Urbanismo, <strong>INUR | Abogados<\/strong> cuenta con una red de colaboraci\u00f3n de t\u00e9cnicos especialistas (arquitectos, ingenieros, ambient\u00f3logos, top\u00f3grafos, etc.), para ofrecer al cliente un servicio, adem\u00e1s de especializado, integrado y coordinado con los profesionales necesarios y, por tanto, completo.<\/p>[\/et_pb_text][\/et_pb_column][\/et_pb_row][\/et_pb_section][et_pb_section fb_built=\u00bb1&#8243; _builder_version=\u00bb4.10.4&#8243; _module_preset=\u00bbdefault\u00bb background_color=\u00bb#F5F5F5&#8243; saved_tabs=\u00bball\u00bb global_colors_info=\u00bb{}\u00bb][et_pb_row column_structure=\u00bb1_2,1_2&#8243; _builder_version=\u00bb4.10.4&#8243; _module_preset=\u00bbdefault\u00bb global_colors_info=\u00bb{}\u00bb][et_pb_column type=\u00bb1_2&#8243; _builder_version=\u00bb4.10.4&#8243; _module_preset=\u00bbdefault\u00bb global_colors_info=\u00bb{}\u00bb][et_pb_text quote_border_color=\u00bb#BF9522&#8243; _builder_version=\u00bb4.10.4&#8243; _module_preset=\u00bbdefault\u00bb quote_text_align=\u00bbjustify\u00bb header_2_font_size=\u00bb24px\u00bb header_2_line_height=\u00bb32px\u00bb global_colors_info=\u00bb{}\u00bb]<h2 style=\"text-align: left;\"><strong>\u00bfBUSCAS UN DESPACHO ESPECIALIZADO EN DERECHO URBAN\u00cdSTICO?<\/strong><\/h2>\n<p><strong><\/strong><\/p>\n<blockquote>\n<p><strong>INUR | Abogados<\/strong> es un despacho especializado en Derecho Urban\u00edstico, que cuenta con una amplia experiencia en la defensa de intereses privados y p\u00fablicos, tanto de empresas y particulares, como de Ayuntamientos, en todo tipo de procedimientos administrativos y contencioso-administrativos, as\u00ed como en asesoramiento jur\u00eddico-urban\u00edstico sobre parcelas.<strong><\/strong><\/p>\n<\/blockquote>[\/et_pb_text][\/et_pb_column][et_pb_column type=\u00bb1_2&#8243; _builder_version=\u00bb4.10.4&#8243; _module_preset=\u00bbdefault\u00bb global_colors_info=\u00bb{}\u00bb][et_pb_image src=\u00bbhttps:\/\/www.inurabogados.es\/wp-content\/uploads\/2021\/08\/servicio-derecho-urbanistico-alicante.jpg\u00bb title_text=\u00bbservicio-derecho-urbanistico-alicante\u00bb align=\u00bbright\u00bb _builder_version=\u00bb4.10.4&#8243; _module_preset=\u00bbdefault\u00bb max_width=\u00bb76%\u00bb module_alignment=\u00bbright\u00bb module_alignment_tablet=\u00bbcenter\u00bb module_alignment_phone=\u00bb\u00bb module_alignment_last_edited=\u00bbon|tablet\u00bb global_colors_info=\u00bb{}\u00bb][\/et_pb_image][\/et_pb_column][\/et_pb_row][\/et_pb_section][et_pb_section fb_built=\u00bb1&#8243; _builder_version=\u00bb4.10.4&#8243; _module_preset=\u00bbdefault\u00bb global_colors_info=\u00bb{}\u00bb][et_pb_row _builder_version=\u00bb4.10.4&#8243; _module_preset=\u00bbdefault\u00bb global_colors_info=\u00bb{}\u00bb][et_pb_column type=\u00bb4_4&#8243; _builder_version=\u00bb4.10.4&#8243; _module_preset=\u00bbdefault\u00bb global_colors_info=\u00bb{}\u00bb][et_pb_text _builder_version=\u00bb4.10.4&#8243; _module_preset=\u00bbdefault\u00bb header_3_text_align=\u00bbleft\u00bb header_3_font_size=\u00bb23px\u00bb header_3_line_height=\u00bb3em\u00bb hover_enabled=\u00bb0&#8243; text_line_height_tablet=\u00bb\u00bb text_line_height_phone=\u00bb\u00bb text_line_height_last_edited=\u00bbon|phone\u00bb header_3_line_height_tablet=\u00bb\u00bb header_3_line_height_phone=\u00bb2em\u00bb header_3_line_height_last_edited=\u00bbon|phone\u00bb global_colors_info=\u00bb{}\u00bb sticky_enabled=\u00bb0&#8243;]<h3 style=\"text-align: left;\"><strong>\u00bfEN QU\u00c9 PODEMOS AYUDARTE?<\/strong><\/h3>\n<p>En este contexto, avalado por el conocimiento y experiencia descrita, INUR | Abogados ofrece sus servicios en materia de:<\/p>\n<ul>\n<li style=\"text-align: justify;\">Asesoramiento jur\u00eddico en materia de planeamiento, gesti\u00f3n y disciplina urban\u00edstica.<\/li>\n<li style=\"text-align: justify;\">Elaboraci\u00f3n de documentos urban\u00edsticos y\/o alegaciones a los mismos (Planes Generales, Planes Parciales, Planes Especiales, Programas de Actuaci\u00f3n, Proyectos de Reparcelaci\u00f3n, Convenios, etc.).<\/li>\n<li style=\"text-align: justify;\">Asistencia a Juntas de Compensaci\u00f3n, Agrupaciones de Inter\u00e9s Urban\u00edstico, Entidades de Conservaci\u00f3n, etc.<\/li>\n<li style=\"text-align: justify;\">Emisi\u00f3n de informes jur\u00eddico-urban\u00edsticos y due diligences.<\/li>\n<li style=\"text-align: justify;\">Solicitud de licencias, autorizaciones o concesiones administrativas.<\/li>\n<li style=\"text-align: justify;\">Expedientes de restauraci\u00f3n de la legalidad urban\u00edstica y sancionadores.<\/li>\n<\/ul>[\/et_pb_text][\/et_pb_column][\/et_pb_row][\/et_pb_section][et_pb_section fb_built=\u00bb1&#8243; _builder_version=\u00bb4.10.4&#8243; _module_preset=\u00bbdefault\u00bb background_color=\u00bb#f5f5f5&#8243; global_colors_info=\u00bb{}\u00bb][et_pb_row column_structure=\u00bb3_4,1_4&#8243; _builder_version=\u00bb4.10.4&#8243; _module_preset=\u00bbdefault\u00bb global_colors_info=\u00bb{}\u00bb][et_pb_column type=\u00bb3_4&#8243; _builder_version=\u00bb4.10.4&#8243; _module_preset=\u00bbdefault\u00bb global_colors_info=\u00bb{}\u00bb][et_pb_text content_tablet=\u00bb<p>Contacta con nosotros. Te informaremos sin compromiso.<\/p>\u00bb content_phone=\u00bb<p style=%22text-align: center;%22>Contacta con nosotros. Te informaremos sin compromiso.<\/p>\u00bb content_last_edited=\u00bbon|phone\u00bb _builder_version=\u00bb4.10.4&#8243; _module_preset=\u00bbdefault\u00bb text_font=\u00bbRaleway|700|on||||||\u00bb text_font_size=\u00bb17px\u00bb global_colors_info=\u00bb{}\u00bb]<p>Contacta con nosotros. Te informaremos sin compromiso.<\/p>[\/et_pb_text][\/et_pb_column][et_pb_column type=\u00bb1_4&#8243; _builder_version=\u00bb4.10.4&#8243; _module_preset=\u00bbdefault\u00bb global_colors_info=\u00bb{}\u00bb][et_pb_button button_url=\u00bbhttps:\/\/www.inurabogados.es\/contacto\/\u00bb button_text=\u00bbCONTACTO\u00bb button_alignment=\u00bbright\u00bb button_alignment_tablet=\u00bb\u00bb button_alignment_phone=\u00bbcenter\u00bb button_alignment_last_edited=\u00bbon|phone\u00bb _builder_version=\u00bb4.10.4&#8243; _module_preset=\u00bbdefault\u00bb custom_button=\u00bbon\u00bb button_text_size=\u00bb13px\u00bb button_text_color=\u00bb#FFFFFF\u00bb button_bg_color=\u00bb#bf9522&#8243; button_border_width=\u00bb3px\u00bb button_border_color=\u00bb#bf9522&#8243; button_border_radius=\u00bb0px\u00bb button_letter_spacing=\u00bb1px\u00bb button_font=\u00bb|600|||||||\u00bb custom_margin=\u00bb-7px||||false|false\u00bb custom_padding=\u00bb6px|24px|6px|24px|true|true\u00bb global_colors_info=\u00bb{}\u00bb button_icon_color__hover_enabled=\u00bbon|hover\u00bb button_icon_color__hover=\u00bb#bf9522&#8243; button_bg_color__hover_enabled=\u00bbon|hover\u00bb button_bg_color__hover=\u00bb#FFFFFF\u00bb button_bg_enable_color__hover=\u00bbon\u00bb button_text_color__hover_enabled=\u00bbon|hover\u00bb button_text_color__hover=\u00bb#bf9522&#8243;][\/et_pb_button][\/et_pb_column][\/et_pb_row][\/et_pb_section]\n","protected":false},"excerpt":{"rendered":"<p>El sistema urban\u00edstico espa\u00f1ol se asienta sobre tres grandes pilares: planeamiento, gesti\u00f3n y disciplina urban\u00edstica. Su complejidad y la diversificaci\u00f3n legislativa sometida a contin\u00faas revisiones, junto a la notable incidencia de otras normativas sectoriales en el \u00e1mbito del Derecho Urban\u00edstico, aconseja a quienes promuevan o se vean inmersos en desarrollos urban\u00edsticos, con Juntas de Compensaci\u00f3n [&hellip;]<\/p>\n","protected":false},"author":1,"featured_media":0,"parent":0,"menu_order":0,"comment_status":"closed","ping_status":"closed","template":"","meta":{"_et_pb_use_builder":"on","_et_pb_old_content":"","_et_gb_content_width":"","footnotes":""},"class_list":["post-22100","page","type-page","status-publish","hentry"],"aioseo_notices":[],"_links":{"self":[{"href":"https:\/\/www.inurabogados.es\/en\/wp-json\/wp\/v2\/pages\/22100","targetHints":{"allow":["GET"]}}],"collection":[{"href":"https:\/\/www.inurabogados.es\/en\/wp-json\/wp\/v2\/pages"}],"about":[{"href":"https:\/\/www.inurabogados.es\/en\/wp-json\/wp\/v2\/types\/page"}],"author":[{"embeddable":true,"href":"https:\/\/www.inurabogados.es\/en\/wp-json\/wp\/v2\/users\/1"}],"replies":[{"embeddable":true,"href":"https:\/\/www.inurabogados.es\/en\/wp-json\/wp\/v2\/comments?post=22100"}],"version-history":[{"count":13,"href":"https:\/\/www.inurabogados.es\/en\/wp-json\/wp\/v2\/pages\/22100\/revisions"}],"predecessor-version":[{"id":22909,"href":"https:\/\/www.inurabogados.es\/en\/wp-json\/wp\/v2\/pages\/22100\/revisions\/22909"}],"wp:attachment":[{"href":"https:\/\/www.inurabogados.es\/en\/wp-json\/wp\/v2\/media?parent=22100"}],"curies":[{"name":"wp","href":"https:\/\/api.w.org\/{rel}","templated":true}]}}