{"id":22022,"date":"2021-08-24T14:10:16","date_gmt":"2021-08-24T13:10:16","guid":{"rendered":"http:\/\/www.inurabogados.es\/?page_id=22022"},"modified":"2026-03-12T15:03:32","modified_gmt":"2026-03-12T14:03:32","slug":"formacion","status":"publish","type":"page","link":"https:\/\/www.inurabogados.es\/en\/formacion\/","title":{"rendered":"Training"},"content":{"rendered":"<p>[et_pb_section fb_built=\u00bb1&#8243; fullwidth=\u00bbon\u00bb _builder_version=\u00bb4.16&#8243; _module_preset=\u00bbdefault\u00bb global_colors_info=\u00bb{}\u00bb][et_pb_fullwidth_header _builder_version=\u00bb4.27.4&#8243; _module_preset=\u00bbdefault\u00bb title_font=\u00bbRaleway|700|||||||\u00bb title_text_align=\u00bbleft\u00bb title_text_color=\u00bb#FFFFFF\u00bb title_font_size=\u00bb29px\u00bb title_letter_spacing=\u00bb1px\u00bb subhead_font=\u00bbRaleway|700|||||||\u00bb subhead_text_align=\u00bbleft\u00bb subhead_text_color=\u00bb#FFFFFF\u00bb subhead_letter_spacing=\u00bb1px\u00bb background_enable_color=\u00bboff\u00bb background_image=\u00bbhttps:\/\/www.inurabogados.es\/wp-content\/uploads\/2021\/08\/servicios-title-e1748185023251.jpg\u00bb custom_padding=\u00bb63px||37px|||\u00bb hover_enabled=\u00bb0&#8243; global_colors_info=\u00bb{}\u00bb sticky_enabled=\u00bb0&#8243;][\/et_pb_fullwidth_header][\/et_pb_section][et_pb_section fb_built=\u00bb1&#8243; _builder_version=\u00bb4.16&#8243; _module_preset=\u00bbdefault\u00bb custom_padding=\u00bb||13px|||\u00bb global_colors_info=\u00bb{}\u00bb][et_pb_row _builder_version=\u00bb4.16&#8243; _module_preset=\u00bbdefault\u00bb global_colors_info=\u00bb{}\u00bb][et_pb_column type=\u00bb4_4&#8243; _builder_version=\u00bb4.16&#8243; _module_preset=\u00bbdefault\u00bb global_colors_info=\u00bb{}\u00bb][et_pb_text _builder_version=\u00bb4.16&#8243; _module_preset=\u00bbdefault\u00bb global_colors_info=\u00bb{}\u00bb]<\/p>\n<p><strong>INUR | Abogados<\/strong> ofrece a empresas, profesionales, as\u00ed como a agencias y a entidades vinculadas con el sector inmobiliario formaci\u00f3n jur\u00eddica en las materias de su especializaci\u00f3n tales como el Derecho Inmobiliario y Urban\u00edstico, as\u00ed como tambi\u00e9n en Derecho Sucesorio y Tributario.<\/p>\n<p>La formaci\u00f3n jur\u00eddica es esencial, especialmente para peque\u00f1as y medianas empresas que no cuenten con un departamento jur\u00eddico o con los servicios de un despacho externo y deseen tener los conocimientos suficientes para hacer frente a las cuestiones legales b\u00e1sicas. Esta formaci\u00f3n es impartida por un grupo de abogados en constante formaci\u00f3n y preparaci\u00f3n, altamente especializado y con experiencia en materia jur\u00eddica.<\/p>\n<p>P\u00f3ngase en contacto con <strong>INUR | Abogados<\/strong> para ofrecerle todas las posibilidades para realizar la formaci\u00f3n jur\u00eddica que mejor se adapte a las necesidades de su empresa.<\/p>\n<p>[\/et_pb_text][\/et_pb_column][\/et_pb_row][\/et_pb_section][et_pb_section fb_built=\u00bb1&#8243; _builder_version=\u00bb4.16&#8243; _module_preset=\u00bbdefault\u00bb background_color=\u00bb#f5f5f5&#8243; global_colors_info=\u00bb{}\u00bb][et_pb_row column_structure=\u00bb3_4,1_4&#8243; _builder_version=\u00bb4.16&#8243; _module_preset=\u00bbdefault\u00bb global_colors_info=\u00bb{}\u00bb][et_pb_column type=\u00bb3_4&#8243; _builder_version=\u00bb4.16&#8243; _module_preset=\u00bbdefault\u00bb global_colors_info=\u00bb{}\u00bb][et_pb_text content_tablet=\u00bb\u00bb content_phone=\u00bb<\/p>\n<p style=%22text-align: center;%22>Contacta con nosotros. Te informaremos sin compromiso.<\/p>\n<p>\u00bb content_last_edited=\u00bbon|phone\u00bb _builder_version=\u00bb4.16&#8243; _module_preset=\u00bbdefault\u00bb text_font=\u00bbRaleway|700|on||||||\u00bb text_font_size=\u00bb17px\u00bb global_colors_info=\u00bb{}\u00bb]<\/p>\n<p>Contacta con nosotros. Te informaremos sin compromiso.<\/p>\n<p>[\/et_pb_text][\/et_pb_column][et_pb_column type=\u00bb1_4&#8243; _builder_version=\u00bb4.16&#8243; _module_preset=\u00bbdefault\u00bb global_colors_info=\u00bb{}\u00bb][et_pb_button button_url=\u00bbhttps:\/\/www.inurabogados.es\/contacto\/\u00bb button_text=\u00bbCONTACTO\u00bb button_alignment=\u00bbright\u00bb button_alignment_tablet=\u00bb\u00bb button_alignment_phone=\u00bbcenter\u00bb button_alignment_last_edited=\u00bbon|phone\u00bb _builder_version=\u00bb4.16&#8243; _module_preset=\u00bbdefault\u00bb custom_button=\u00bbon\u00bb button_text_size=\u00bb13px\u00bb button_text_color=\u00bb#FFFFFF\u00bb button_bg_color=\u00bb#bf9522&#8243; button_border_width=\u00bb3px\u00bb button_border_color=\u00bb#bf9522&#8243; button_border_radius=\u00bb0px\u00bb button_letter_spacing=\u00bb1px\u00bb button_font=\u00bb|600|||||||\u00bb custom_margin=\u00bb-7px||||false|false\u00bb custom_padding=\u00bb6px|24px|6px|24px|true|true\u00bb global_colors_info=\u00bb{}\u00bb button_icon_color__hover_enabled=\u00bbon|hover\u00bb button_icon_color__hover=\u00bb#bf9522&#8243; button_bg_color__hover_enabled=\u00bbon|hover\u00bb button_bg_color__hover=\u00bb#FFFFFF\u00bb button_bg_enable_color__hover=\u00bbon\u00bb button_text_color__hover_enabled=\u00bbon|hover\u00bb button_text_color__hover=\u00bb#bf9522&#8243;][\/et_pb_button][\/et_pb_column][\/et_pb_row][\/et_pb_section]<\/p>\n","protected":false},"excerpt":{"rendered":"<p>INUR | Abogados ofrece a empresas, profesionales, as\u00ed como a agencias y a entidades vinculadas con el sector inmobiliario formaci\u00f3n jur\u00eddica en las materias de su especializaci\u00f3n tales como el Derecho Inmobiliario y Urban\u00edstico, as\u00ed como tambi\u00e9n en Derecho Sucesorio y Tributario. La formaci\u00f3n jur\u00eddica es esencial, especialmente para peque\u00f1as y medianas empresas que no [&hellip;]<\/p>\n","protected":false},"author":1,"featured_media":0,"parent":0,"menu_order":0,"comment_status":"closed","ping_status":"closed","template":"","meta":{"_et_pb_use_builder":"on","_et_pb_old_content":"","_et_gb_content_width":"","footnotes":""},"class_list":["post-22022","page","type-page","status-publish","hentry"],"aioseo_notices":[],"_links":{"self":[{"href":"https:\/\/www.inurabogados.es\/en\/wp-json\/wp\/v2\/pages\/22022","targetHints":{"allow":["GET"]}}],"collection":[{"href":"https:\/\/www.inurabogados.es\/en\/wp-json\/wp\/v2\/pages"}],"about":[{"href":"https:\/\/www.inurabogados.es\/en\/wp-json\/wp\/v2\/types\/page"}],"author":[{"embeddable":true,"href":"https:\/\/www.inurabogados.es\/en\/wp-json\/wp\/v2\/users\/1"}],"replies":[{"embeddable":true,"href":"https:\/\/www.inurabogados.es\/en\/wp-json\/wp\/v2\/comments?post=22022"}],"version-history":[{"count":25,"href":"https:\/\/www.inurabogados.es\/en\/wp-json\/wp\/v2\/pages\/22022\/revisions"}],"predecessor-version":[{"id":22944,"href":"https:\/\/www.inurabogados.es\/en\/wp-json\/wp\/v2\/pages\/22022\/revisions\/22944"}],"wp:attachment":[{"href":"https:\/\/www.inurabogados.es\/en\/wp-json\/wp\/v2\/media?parent=22022"}],"curies":[{"name":"wp","href":"https:\/\/api.w.org\/{rel}","templated":true}]}}