{"id":22018,"date":"2021-08-24T14:09:29","date_gmt":"2021-08-24T13:09:29","guid":{"rendered":"http:\/\/www.inurabogados.es\/?page_id=22018"},"modified":"2026-03-09T14:46:36","modified_gmt":"2026-03-09T13:46:36","slug":"derechoinmobiliario","status":"publish","type":"page","link":"https:\/\/www.inurabogados.es\/en\/derechoinmobiliario\/","title":{"rendered":"Real Estate Law"},"content":{"rendered":"\n[et_pb_section fb_built=\u00bb1&#8243; fullwidth=\u00bbon\u00bb _builder_version=\u00bb4.10.4&#8243; _module_preset=\u00bbdefault\u00bb global_colors_info=\u00bb{}\u00bb][et_pb_fullwidth_header title=\u00bbDERECHO INMOBILIARIO\u00bb _builder_version=\u00bb4.10.4&#8243; _module_preset=\u00bbdefault\u00bb title_font=\u00bbRaleway|700|||||||\u00bb title_text_align=\u00bbleft\u00bb title_text_color=\u00bb#FFFFFF\u00bb title_font_size=\u00bb29px\u00bb title_letter_spacing=\u00bb1px\u00bb subhead_font=\u00bbRaleway|700|||||||\u00bb subhead_text_align=\u00bbleft\u00bb subhead_text_color=\u00bb#FFFFFF\u00bb subhead_letter_spacing=\u00bb1px\u00bb background_enable_color=\u00bboff\u00bb background_image=\u00bbhttps:\/\/www.inurabogados.es\/wp-content\/uploads\/2021\/08\/abogado-inmobiliario-alicante.jpg\u00bb parallax=\u00bbon\u00bb parallax_method=\u00bbon\u00bb global_colors_info=\u00bb{}\u00bb][\/et_pb_fullwidth_header][\/et_pb_section][et_pb_section fb_built=\u00bb1&#8243; _builder_version=\u00bb4.10.4&#8243; _module_preset=\u00bbdefault\u00bb global_colors_info=\u00bb{}\u00bb][et_pb_row _builder_version=\u00bb4.10.4&#8243; _module_preset=\u00bbdefault\u00bb global_colors_info=\u00bb{}\u00bb][et_pb_column type=\u00bb4_4&#8243; _builder_version=\u00bb4.10.4&#8243; _module_preset=\u00bbdefault\u00bb global_colors_info=\u00bb{}\u00bb][et_pb_text _builder_version=\u00bb4.10.4&#8243; _module_preset=\u00bbdefault\u00bb global_colors_info=\u00bb{}\u00bb]<p>Las operaciones inmobiliarias son diversas y jur\u00eddicamente complejas, estando afectadas por constantes reformas legislativas y nuevos criterios jurisprudenciales, lo que aconseja rodearse de profesionales que dominen la legislaci\u00f3n aplicable y puedan prestar el mejor servicio a sus clientes en la negociaci\u00f3n, toma de decisiones, formalizaci\u00f3n de contratos, y\/o resoluci\u00f3n de controversias, tanto extrajudiciales como judiciales.<\/p>[\/et_pb_text][\/et_pb_column][\/et_pb_row][\/et_pb_section][et_pb_section fb_built=\u00bb1&#8243; _builder_version=\u00bb4.10.4&#8243; _module_preset=\u00bbdefault\u00bb background_color=\u00bb#F5F5F5&#8243; saved_tabs=\u00bball\u00bb global_colors_info=\u00bb{}\u00bb][et_pb_row column_structure=\u00bb1_2,1_2&#8243; _builder_version=\u00bb4.10.4&#8243; _module_preset=\u00bbdefault\u00bb global_colors_info=\u00bb{}\u00bb][et_pb_column type=\u00bb1_2&#8243; _builder_version=\u00bb4.10.4&#8243; _module_preset=\u00bbdefault\u00bb global_colors_info=\u00bb{}\u00bb][et_pb_text quote_border_color=\u00bb#BF9522&#8243; _builder_version=\u00bb4.10.4&#8243; _module_preset=\u00bbdefault\u00bb quote_text_align=\u00bbjustify\u00bb header_2_font_size=\u00bb24px\u00bb header_2_line_height=\u00bb32px\u00bb global_colors_info=\u00bb{}\u00bb]<h2 style=\"text-align: left;\"><strong>\u00bfBUSCAS UN DESPACHO ESPECIALIZADO EN DERECHO INMOBILIARIO<\/strong><strong>?<\/strong><\/h2>\n<p><strong><\/strong><\/p>\n<blockquote>\n<p><strong>INUR | Abogados <\/strong>es un despacho especializado en el \u00e1mbito del Derecho Inmobiliario, que cuenta con una consolidada experiencia en la defensa de los intereses legales de promotoras, constructoras, agencias inmobiliarias, comunidades de propietarios y particulares, habiendo participado en contrataciones y procedimientos judiciales con intereses econ\u00f3micos superiores a los 10.000.000 \u20ac. <strong>\u00a0<\/strong><br \/><strong><\/strong><\/p>\n<\/blockquote>[\/et_pb_text][\/et_pb_column][et_pb_column type=\u00bb1_2&#8243; _builder_version=\u00bb4.10.4&#8243; _module_preset=\u00bbdefault\u00bb global_colors_info=\u00bb{}\u00bb][et_pb_image src=\u00bbhttps:\/\/www.inurabogados.es\/wp-content\/uploads\/2021\/08\/servicio-derecho-inmobiliario-alicante.jpg\u00bb title_text=\u00bbservicio-derecho-inmobiliario-alicante\u00bb align=\u00bbright\u00bb _builder_version=\u00bb4.10.4&#8243; _module_preset=\u00bbdefault\u00bb max_width=\u00bb76%\u00bb module_alignment=\u00bbright\u00bb module_alignment_tablet=\u00bbcenter\u00bb module_alignment_phone=\u00bb\u00bb module_alignment_last_edited=\u00bbon|tablet\u00bb global_colors_info=\u00bb{}\u00bb][\/et_pb_image][\/et_pb_column][\/et_pb_row][\/et_pb_section][et_pb_section fb_built=\u00bb1&#8243; _builder_version=\u00bb4.10.4&#8243; _module_preset=\u00bbdefault\u00bb global_colors_info=\u00bb{}\u00bb][et_pb_row _builder_version=\u00bb4.10.4&#8243; _module_preset=\u00bbdefault\u00bb global_colors_info=\u00bb{}\u00bb][et_pb_column type=\u00bb4_4&#8243; _builder_version=\u00bb4.10.4&#8243; _module_preset=\u00bbdefault\u00bb global_colors_info=\u00bb{}\u00bb][et_pb_text _builder_version=\u00bb4.10.4&#8243; _module_preset=\u00bbdefault\u00bb header_3_text_align=\u00bbleft\u00bb header_3_font_size=\u00bb23px\u00bb header_3_line_height=\u00bb3em\u00bb header_3_line_height_tablet=\u00bb1.8em\u00bb header_3_line_height_phone=\u00bb\u00bb header_3_line_height_last_edited=\u00bbon|desktop\u00bb global_colors_info=\u00bb{}\u00bb]<h3 style=\"text-align: left;\"><strong>\u00bfEN QU\u00c9 PODEMOS AYUDARTE?<\/strong><\/h3>\n<p>En este contexto, avalado por el conocimiento y experiencia descrita, INUR | Abogados ofrece sus servicios en materia de:<\/p>\n<ul>\n<li>Asesoramiento jur\u00eddico en operaciones de promoci\u00f3n, construcci\u00f3n y comercializaci\u00f3n de proyectos inmobiliarios.<\/li>\n<li>Emisi\u00f3n de informes jur\u00eddicos y due diligences.<\/li>\n<li>Gesti\u00f3n de activos.<\/li>\n<li>Redacci\u00f3n, revisi\u00f3n y negociaci\u00f3n de todo tipo de contratos (obra, compraventa, permuta, arrendamiento, aprovechamiento por turno, comodato, etc.), y asistencia al otorgamiento de Escrituras P\u00fablicas.<\/li>\n<li>Asesoramiento y defensa en asuntos relacionados con comunidades de propietarios.<\/li>\n<li>Actuaciones ante Registro de la Propiedad y Catastro.<\/li>\n<li>Defensa letrada en litigios relativos a reclamaciones de cantidad, desahucios, defectos constructivos, expedientes de dominio, acciones posesorias, extinci\u00f3n de condominios, multipropiedad, resoluci\u00f3n de contratos, ejecuciones hipotecarias, tercer\u00edas de dominio, responsabilidad contractual y extracontractual, derechos reales, etc.<\/li>\n<li>Reclamaci\u00f3n de cl\u00e1usula suelo y gastos hipotecarios.<\/li>\n<\/ul>[\/et_pb_text][\/et_pb_column][\/et_pb_row][\/et_pb_section][et_pb_section fb_built=\u00bb1&#8243; _builder_version=\u00bb4.10.4&#8243; _module_preset=\u00bbdefault\u00bb background_color=\u00bb#f5f5f5&#8243; global_module=\u00bb22344&#8243; saved_tabs=\u00bball\u00bb global_colors_info=\u00bb{}\u00bb][et_pb_row column_structure=\u00bb3_4,1_4&#8243; _builder_version=\u00bb4.10.4&#8243; _module_preset=\u00bbdefault\u00bb global_colors_info=\u00bb{}\u00bb][et_pb_column type=\u00bb3_4&#8243; _builder_version=\u00bb4.10.4&#8243; _module_preset=\u00bbdefault\u00bb global_colors_info=\u00bb{}\u00bb][et_pb_text content_tablet=\u00bb<\/p>\n<p style=%22text-align: center;%22>Contacta con nosotros. Te informaremos sin compromiso.<\/p>\n<p>\u00bb content_phone=\u00bb<\/p>\n<p style=%22text-align: center;%22>Contacta con nosotros. Te informaremos sin compromiso.<\/p>\n<p>\u00bb content_last_edited=\u00bbon|phone\u00bb _builder_version=\u00bb4.10.4&#8243; _module_preset=\u00bbdefault\u00bb text_font=\u00bbRaleway|700|on||||||\u00bb text_font_size=\u00bb17px\u00bb global_colors_info=\u00bb{}\u00bb]<p>Contacta con nosotros. Te informaremos sin compromiso.<\/p>[\/et_pb_text][\/et_pb_column][et_pb_column type=\u00bb1_4&#8243; _builder_version=\u00bb4.10.4&#8243; _module_preset=\u00bbdefault\u00bb global_colors_info=\u00bb{}\u00bb][et_pb_button button_url=\u00bbhttps:\/\/www.inurabogados.es\/contacto\/\u00bb button_text=\u00bbCONTACTO\u00bb button_alignment=\u00bbright\u00bb button_alignment_tablet=\u00bb\u00bb button_alignment_phone=\u00bbcenter\u00bb button_alignment_last_edited=\u00bbon|phone\u00bb _builder_version=\u00bb4.10.4&#8243; _module_preset=\u00bbdefault\u00bb custom_button=\u00bbon\u00bb button_text_size=\u00bb13px\u00bb button_text_color=\u00bb#FFFFFF\u00bb button_bg_color=\u00bb#bf9522&#8243; button_border_width=\u00bb3px\u00bb button_border_color=\u00bb#bf9522&#8243; button_border_radius=\u00bb0px\u00bb button_letter_spacing=\u00bb1px\u00bb button_font=\u00bb|600|||||||\u00bb custom_margin=\u00bb-7px||||false|false\u00bb custom_padding=\u00bb6px|24px|6px|24px|true|true\u00bb global_colors_info=\u00bb{}\u00bb button_icon_color__hover_enabled=\u00bbon|hover\u00bb button_icon_color__hover=\u00bb#bf9522&#8243; button_bg_color__hover_enabled=\u00bbon|hover\u00bb button_bg_color__hover=\u00bb#FFFFFF\u00bb button_bg_enable_color__hover=\u00bbon\u00bb button_text_color__hover_enabled=\u00bbon|hover\u00bb button_text_color__hover=\u00bb#bf9522&#8243;][\/et_pb_button][\/et_pb_column][\/et_pb_row][\/et_pb_section]\n","protected":false},"excerpt":{"rendered":"<p>Las operaciones inmobiliarias son diversas y jur\u00eddicamente complejas, estando afectadas por constantes reformas legislativas y nuevos criterios jurisprudenciales, lo que aconseja rodearse de profesionales que dominen la legislaci\u00f3n aplicable y puedan prestar el mejor servicio a sus clientes en la negociaci\u00f3n, toma de decisiones, formalizaci\u00f3n de contratos, y\/o resoluci\u00f3n de controversias, tanto extrajudiciales como judiciales.\u00bfBUSCAS [&hellip;]<\/p>\n","protected":false},"author":1,"featured_media":0,"parent":0,"menu_order":0,"comment_status":"closed","ping_status":"closed","template":"","meta":{"_et_pb_use_builder":"on","_et_pb_old_content":"","_et_gb_content_width":"","footnotes":""},"class_list":["post-22018","page","type-page","status-publish","hentry"],"aioseo_notices":[],"_links":{"self":[{"href":"https:\/\/www.inurabogados.es\/en\/wp-json\/wp\/v2\/pages\/22018","targetHints":{"allow":["GET"]}}],"collection":[{"href":"https:\/\/www.inurabogados.es\/en\/wp-json\/wp\/v2\/pages"}],"about":[{"href":"https:\/\/www.inurabogados.es\/en\/wp-json\/wp\/v2\/types\/page"}],"author":[{"embeddable":true,"href":"https:\/\/www.inurabogados.es\/en\/wp-json\/wp\/v2\/users\/1"}],"replies":[{"embeddable":true,"href":"https:\/\/www.inurabogados.es\/en\/wp-json\/wp\/v2\/comments?post=22018"}],"version-history":[{"count":15,"href":"https:\/\/www.inurabogados.es\/en\/wp-json\/wp\/v2\/pages\/22018\/revisions"}],"predecessor-version":[{"id":22907,"href":"https:\/\/www.inurabogados.es\/en\/wp-json\/wp\/v2\/pages\/22018\/revisions\/22907"}],"wp:attachment":[{"href":"https:\/\/www.inurabogados.es\/en\/wp-json\/wp\/v2\/media?parent=22018"}],"curies":[{"name":"wp","href":"https:\/\/api.w.org\/{rel}","templated":true}]}}